{"id":158,"date":"2026-01-06T21:14:29","date_gmt":"2026-01-06T21:14:29","guid":{"rendered":"https:\/\/yoyogezginleri.org\/?page_id=158"},"modified":"2026-01-06T21:14:30","modified_gmt":"2026-01-06T21:14:30","slug":"kayit-ol","status":"publish","type":"page","link":"https:\/\/yoyogezginleri.org\/index.php\/kayit-ol\/","title":{"rendered":"Kay\u0131t Ol"},"content":{"rendered":"<div class=\"registration\" id=\"wpuf-registration-form\">\n\n    \n            \n    <form name=\"registrationform\" class=\"wpuf-registration-form\" id=\"registrationform\" action=\"https:\/\/yoyogezginleri.org\/index.php\/kayit-ol\/\" method=\"post\">\n\n        <ul class=\"wpuf-form form-label-above\">\n            <li>\n                <div class=\"wpuf-label\">\u0130sim <span class=\"required\">*<\/span><\/div>\n                <div class=\"wpuf-fields\">\n                    <div class=\"wpuf-name-field-wrap format-first-last\">\n                        <div class=\"wpuf-name-field-first-name\">\n                            <input type=\"text\" name=\"reg_fname\" id=\"wpuf-user_fname\" class=\"input\" value=\"\" size=\"\" \/>\n                            <label class=\"wpuf-form-sub-label\">First<\/label>\n                        <\/div>\n\n                        <div class=\"wpuf-name-field-last-name\">\n                            <input type=\"text\" name=\"reg_lname\" id=\"wpuf-user_lname\" class=\"input\" value=\"\" size=\"16\" \/>\n                            <label class=\"wpuf-form-sub-label\">Last<\/label>\n                        <\/div>\n                    <\/div>\n                <\/div>\n            <\/li>\n\n            <li>\n                <div class=\"wpuf-label\">Eposta <span class=\"required\">*<\/span><\/div>\n                <div class=\"wpuf-fields\">\n                    <input type=\"text\" name=\"reg_email\" id=\"wpuf-user_email\" class=\"input\" value=\"\" size=\"40\">\n                <\/div>\n            <\/li>\n\n            <li>\n                <div class=\"wpuf-label\">Kullan\u0131c\u0131 ad\u0131 <span class=\"required\">*<\/span><\/div>\n                <div class=\"wpuf-fields\">\n                    <input type=\"text\" name=\"log\" id=\"wpuf-user_login\" class=\"input\" value=\"\" size=\"40\" \/>\n                <\/div>\n            <\/li>\n\n            <li>\n                <div class=\"wpuf-label\">\u015eifre <span class=\"required\">*<\/span><\/div>\n                <div class=\"wpuf-fields-inline\" style=\"position: relative; width: fit-content\">\n                    <input type=\"password\" name=\"pwd1\" id=\"wpuf-user_pass1\" class=\"input\" value=\"\" size=\"40\" \/>\n                    <img decoding=\"async\" class=\"wpuf-eye\" src=\"https:\/\/yoyogezginleri.org\/wp-content\/plugins\/wp-user-frontend\/assets\/images\/eye.svg\" alt=\"\">\n                <\/div>\n            <\/li>\n\n            <li>\n                <div class=\"wpuf-label\">\u015eifreyi Onaylama <span class=\"required\">*<\/span><\/div>\n                <div class=\"wpuf-fields-inline\" style=\"position: relative; width: fit-content\">\n                    <input type=\"password\" name=\"pwd2\" id=\"wpuf-user_pass2\" class=\"input\" value=\"\" size=\"40\" \/>\n                    <img decoding=\"async\" class=\"wpuf-eye\" src=\"https:\/\/yoyogezginleri.org\/wp-content\/plugins\/wp-user-frontend\/assets\/images\/eye.svg\" alt=\"\">\n                <\/div>\n            <\/li>\n\n            <li class=\"wpuf-submit\">\n                <input type=\"submit\" name=\"wp-submit\" id=\"wp-submit\" value=\"Register\" \/>\n                <input type=\"hidden\" name=\"urhidden\" value=\"S88yLJgRXxoQvpSECuAVtQ==\" \/>\n                <input type=\"hidden\" name=\"user_nonce\" value=\"gPdYQ0sCVWXD0qG44cPrAolaVhsUCetz\" \/>\n                <input type=\"hidden\" name=\"redirect_to\" value=\"\" \/>\n                <input type=\"hidden\" name=\"wpuf_registration\" value=\"true\" \/>\n                <input type=\"hidden\" name=\"action\" value=\"registration\" \/>\n\n                <input type=\"hidden\" id=\"_wpnonce\" name=\"_wpnonce\" value=\"2e26e769e5\" \/><input type=\"hidden\" name=\"_wp_http_referer\" value=\"\/index.php\/wp-json\/wp\/v2\/pages\/158\" \/>            <\/li>\n\n            <li>\n                Already have an account? <a href=\"\">Oturum a\u00e7ma<\/a> | <a href=\"\/index.php\/wp-json\/wp\/v2\/pages\/158?action=lostpassword\">\u015eifre Unutma<\/a>            <\/li>\n\n            \n        <\/ul>\n    <\/form>\n<\/div>\n\n","protected":false},"excerpt":{"rendered":"","protected":false},"author":1,"featured_media":0,"parent":0,"menu_order":0,"comment_status":"closed","ping_status":"closed","template":"","meta":{"saved_in_kubio":false,"footnotes":""},"class_list":["post-158","page","type-page","status-publish","hentry"],"kubio_ai_page_context":{"short_desc":"","purpose":"general"},"_links":{"self":[{"href":"https:\/\/yoyogezginleri.org\/index.php\/wp-json\/wp\/v2\/pages\/158","targetHints":{"allow":["GET"]}}],"collection":[{"href":"https:\/\/yoyogezginleri.org\/index.php\/wp-json\/wp\/v2\/pages"}],"about":[{"href":"https:\/\/yoyogezginleri.org\/index.php\/wp-json\/wp\/v2\/types\/page"}],"author":[{"embeddable":true,"href":"https:\/\/yoyogezginleri.org\/index.php\/wp-json\/wp\/v2\/users\/1"}],"replies":[{"embeddable":true,"href":"https:\/\/yoyogezginleri.org\/index.php\/wp-json\/wp\/v2\/comments?post=158"}],"version-history":[{"count":1,"href":"https:\/\/yoyogezginleri.org\/index.php\/wp-json\/wp\/v2\/pages\/158\/revisions"}],"predecessor-version":[{"id":160,"href":"https:\/\/yoyogezginleri.org\/index.php\/wp-json\/wp\/v2\/pages\/158\/revisions\/160"}],"wp:attachment":[{"href":"https:\/\/yoyogezginleri.org\/index.php\/wp-json\/wp\/v2\/media?parent=158"}],"curies":[{"name":"wp","href":"https:\/\/api.w.org\/{rel}","templated":true}]}}