{"id":218,"date":"2026-01-07T10:26:17","date_gmt":"2026-01-07T10:26:17","guid":{"rendered":"https:\/\/yoyogezginleri.org\/?page_id=218"},"modified":"2026-01-07T10:26:20","modified_gmt":"2026-01-07T10:26:20","slug":"yazi-paneli","status":"publish","type":"page","link":"https:\/\/yoyogezginleri.org\/index.php\/yazi-paneli\/","title":{"rendered":"Yaz\u0131 Paneli"},"content":{"rendered":"<div class=\"wpuf-message\">Bu sayfa s\u0131n\u0131rl\u0131d\u0131r. L\u00fctfen <a href=\"\/index.php\/wp-json\/wp\/v2\/pages\/218?redirect_to=https%3A%2F%2Fyoyogezginleri.org%2Findex.php%2Fyazi-paneli%2F\">Oturum a\u00e7<\/a> bu sayfay\u0131 g\u00f6r\u00fcnt\u00fclemek i\u00e7in.<\/div>\n","protected":false},"excerpt":{"rendered":"","protected":false},"author":1,"featured_media":0,"parent":0,"menu_order":0,"comment_status":"closed","ping_status":"closed","template":"","meta":{"saved_in_kubio":false,"footnotes":""},"class_list":["post-218","page","type-page","status-publish","hentry"],"kubio_ai_page_context":{"short_desc":"","purpose":"general"},"_links":{"self":[{"href":"https:\/\/yoyogezginleri.org\/index.php\/wp-json\/wp\/v2\/pages\/218","targetHints":{"allow":["GET"]}}],"collection":[{"href":"https:\/\/yoyogezginleri.org\/index.php\/wp-json\/wp\/v2\/pages"}],"about":[{"href":"https:\/\/yoyogezginleri.org\/index.php\/wp-json\/wp\/v2\/types\/page"}],"author":[{"embeddable":true,"href":"https:\/\/yoyogezginleri.org\/index.php\/wp-json\/wp\/v2\/users\/1"}],"replies":[{"embeddable":true,"href":"https:\/\/yoyogezginleri.org\/index.php\/wp-json\/wp\/v2\/comments?post=218"}],"version-history":[{"count":1,"href":"https:\/\/yoyogezginleri.org\/index.php\/wp-json\/wp\/v2\/pages\/218\/revisions"}],"predecessor-version":[{"id":220,"href":"https:\/\/yoyogezginleri.org\/index.php\/wp-json\/wp\/v2\/pages\/218\/revisions\/220"}],"wp:attachment":[{"href":"https:\/\/yoyogezginleri.org\/index.php\/wp-json\/wp\/v2\/media?parent=218"}],"curies":[{"name":"wp","href":"https:\/\/api.w.org\/{rel}","templated":true}]}}