{"id":82,"date":"2026-01-05T10:39:30","date_gmt":"2026-01-05T10:39:30","guid":{"rendered":"https:\/\/yoyogezginleri.org\/?page_id=82"},"modified":"2026-01-05T11:12:34","modified_gmt":"2026-01-05T11:12:34","slug":"etkiliklerimiz","status":"publish","type":"page","link":"https:\/\/yoyogezginleri.org\/index.php\/etkiliklerimiz\/","title":{"rendered":"Etkiliklerimiz"},"content":{"rendered":"\n<h2 class=\"wp-block-heading\">Ada Sayg\u0131n Boca&#8217;n\u0131n Do\u011fum G\u00fcn\u00fc<\/h2>\n\n\n\n<p>YoyoGezginleri grubumuzun kurucular\u0131ndan olan \u00d6zhan ve \u015eerife Boca \u00e7iftinin De\u011ferli ve bir o kadar yak\u0131\u015f\u0131kl\u0131 o\u011fullar\u0131 Ada Sayg\u0131n BOCA&#8217;n\u0131n do\u011fum g\u00fcn\u00fcn\u00fc kutlad\u0131k.<\/p>\n\n\n\n<p><\/p>\n\n\n\n<figure class=\"wp-block-gallery has-nested-images columns-default is-cropped wp-block-gallery-1 is-layout-flex wp-block-gallery-is-layout-flex\">\n<figure class=\"wp-block-image size-large\"><img loading=\"lazy\" decoding=\"async\" width=\"576\" height=\"1024\" data-id=\"84\" src=\"https:\/\/yoyogezginleri.org\/wp-content\/uploads\/2026\/01\/WhatsApp-Image-2026-01-05-at-1.35.03-PM-1-576x1024.jpeg\" alt=\"\" class=\"wp-image-84\" srcset=\"https:\/\/yoyogezginleri.org\/wp-content\/uploads\/2026\/01\/WhatsApp-Image-2026-01-05-at-1.35.03-PM-1-576x1024.jpeg 576w, https:\/\/yoyogezginleri.org\/wp-content\/uploads\/2026\/01\/WhatsApp-Image-2026-01-05-at-1.35.03-PM-1-169x300.jpeg 169w, https:\/\/yoyogezginleri.org\/wp-content\/uploads\/2026\/01\/WhatsApp-Image-2026-01-05-at-1.35.03-PM-1-768x1366.jpeg 768w, https:\/\/yoyogezginleri.org\/wp-content\/uploads\/2026\/01\/WhatsApp-Image-2026-01-05-at-1.35.03-PM-1-864x1536.jpeg 864w, https:\/\/yoyogezginleri.org\/wp-content\/uploads\/2026\/01\/WhatsApp-Image-2026-01-05-at-1.35.03-PM-1-607x1080.jpeg 607w, https:\/\/yoyogezginleri.org\/wp-content\/uploads\/2026\/01\/WhatsApp-Image-2026-01-05-at-1.35.03-PM-1.jpeg 899w\" sizes=\"(max-width: 576px) 100vw, 576px\" \/><\/figure>\n\n\n\n<figure class=\"wp-block-image size-large\"><img loading=\"lazy\" decoding=\"async\" width=\"576\" height=\"1024\" data-id=\"86\" src=\"https:\/\/yoyogezginleri.org\/wp-content\/uploads\/2026\/01\/WhatsApp-Image-2026-01-05-at-1.35.10-PM-576x1024.jpeg\" alt=\"\" class=\"wp-image-86\" srcset=\"https:\/\/yoyogezginleri.org\/wp-content\/uploads\/2026\/01\/WhatsApp-Image-2026-01-05-at-1.35.10-PM-576x1024.jpeg 576w, https:\/\/yoyogezginleri.org\/wp-content\/uploads\/2026\/01\/WhatsApp-Image-2026-01-05-at-1.35.10-PM-169x300.jpeg 169w, https:\/\/yoyogezginleri.org\/wp-content\/uploads\/2026\/01\/WhatsApp-Image-2026-01-05-at-1.35.10-PM-768x1366.jpeg 768w, https:\/\/yoyogezginleri.org\/wp-content\/uploads\/2026\/01\/WhatsApp-Image-2026-01-05-at-1.35.10-PM-864x1536.jpeg 864w, https:\/\/yoyogezginleri.org\/wp-content\/uploads\/2026\/01\/WhatsApp-Image-2026-01-05-at-1.35.10-PM-607x1080.jpeg 607w, https:\/\/yoyogezginleri.org\/wp-content\/uploads\/2026\/01\/WhatsApp-Image-2026-01-05-at-1.35.10-PM.jpeg 899w\" sizes=\"(max-width: 576px) 100vw, 576px\" \/><\/figure>\n\n\n\n<figure class=\"wp-block-image size-large\"><img loading=\"lazy\" decoding=\"async\" width=\"576\" height=\"1024\" data-id=\"85\" src=\"https:\/\/yoyogezginleri.org\/wp-content\/uploads\/2026\/01\/WhatsApp-Image-2026-01-05-at-1.35.16-PM-576x1024.jpeg\" alt=\"\" class=\"wp-image-85\" srcset=\"https:\/\/yoyogezginleri.org\/wp-content\/uploads\/2026\/01\/WhatsApp-Image-2026-01-05-at-1.35.16-PM-576x1024.jpeg 576w, https:\/\/yoyogezginleri.org\/wp-content\/uploads\/2026\/01\/WhatsApp-Image-2026-01-05-at-1.35.16-PM-169x300.jpeg 169w, https:\/\/yoyogezginleri.org\/wp-content\/uploads\/2026\/01\/WhatsApp-Image-2026-01-05-at-1.35.16-PM-768x1366.jpeg 768w, https:\/\/yoyogezginleri.org\/wp-content\/uploads\/2026\/01\/WhatsApp-Image-2026-01-05-at-1.35.16-PM-864x1536.jpeg 864w, https:\/\/yoyogezginleri.org\/wp-content\/uploads\/2026\/01\/WhatsApp-Image-2026-01-05-at-1.35.16-PM-607x1080.jpeg 607w, https:\/\/yoyogezginleri.org\/wp-content\/uploads\/2026\/01\/WhatsApp-Image-2026-01-05-at-1.35.16-PM.jpeg 899w\" sizes=\"(max-width: 576px) 100vw, 576px\" \/><\/figure>\n<\/figure>\n\n\n\n\n","protected":false},"excerpt":{"rendered":"<p>Ada Sayg\u0131n Boca&#8217;n\u0131n Do\u011fum G\u00fcn\u00fc YoyoGezginleri grubumuzun kurucular\u0131ndan olan \u00d6zhan ve \u015eerife Boca \u00e7iftinin De\u011ferli ve bir o kadar yak\u0131\u015f\u0131kl\u0131 o\u011fullar\u0131 Ada Sayg\u0131n BOCA&#8217;n\u0131n do\u011fum g\u00fcn\u00fcn\u00fc kutlad\u0131k.<\/p>\n","protected":false},"author":1,"featured_media":0,"parent":0,"menu_order":0,"comment_status":"closed","ping_status":"closed","template":"","meta":{"saved_in_kubio":true,"footnotes":""},"class_list":["post-82","page","type-page","status-publish","hentry"],"kubio_ai_page_context":{"short_desc":"","purpose":"general"},"_links":{"self":[{"href":"https:\/\/yoyogezginleri.org\/index.php\/wp-json\/wp\/v2\/pages\/82","targetHints":{"allow":["GET"]}}],"collection":[{"href":"https:\/\/yoyogezginleri.org\/index.php\/wp-json\/wp\/v2\/pages"}],"about":[{"href":"https:\/\/yoyogezginleri.org\/index.php\/wp-json\/wp\/v2\/types\/page"}],"author":[{"embeddable":true,"href":"https:\/\/yoyogezginleri.org\/index.php\/wp-json\/wp\/v2\/users\/1"}],"replies":[{"embeddable":true,"href":"https:\/\/yoyogezginleri.org\/index.php\/wp-json\/wp\/v2\/comments?post=82"}],"version-history":[{"count":2,"href":"https:\/\/yoyogezginleri.org\/index.php\/wp-json\/wp\/v2\/pages\/82\/revisions"}],"predecessor-version":[{"id":100,"href":"https:\/\/yoyogezginleri.org\/index.php\/wp-json\/wp\/v2\/pages\/82\/revisions\/100"}],"wp:attachment":[{"href":"https:\/\/yoyogezginleri.org\/index.php\/wp-json\/wp\/v2\/media?parent=82"}],"curies":[{"name":"wp","href":"https:\/\/api.w.org\/{rel}","templated":true}]}}